{"id":100,"date":"2014-12-22T21:40:16","date_gmt":"2014-12-22T20:40:16","guid":{"rendered":"http:\/\/pixelfrosch.org\/yoga-keul\/?page_id=100"},"modified":"2026-02-22T16:35:16","modified_gmt":"2026-02-22T15:35:16","slug":"yoga-fuer-gaeste","status":"publish","type":"page","link":"http:\/\/monika-keul-yoga.de\/?page_id=100","title":{"rendered":"Firmenyoga"},"content":{"rendered":"<p><a href=\"http:\/\/monika-keul-yoga.de\/wp-content\/uploads\/2026\/02\/bild-steine-scaled.jpg\"><img loading=\"lazy\" decoding=\"async\" class=\"size-medium wp-image-706 alignright\" src=\"http:\/\/monika-keul-yoga.de\/wp-content\/uploads\/2026\/02\/bild-steine-290x220.jpg\" alt=\"\" width=\"290\" height=\"220\" \/><\/a>Yoga ist eine pr\u00e4ventiv wirkende Ma\u00dfnahme der betrieblichen Gesundheitsf\u00f6rderung.<\/p>\n<p>Durch Yoga kann effektiv berufsbedingte Anspannung und krankmachender Stress abgebaut werden.<\/p>\n\n\n<p><\/p>\n","protected":false},"excerpt":{"rendered":"<p>Yoga ist eine pr\u00e4ventiv wirkende Ma\u00dfnahme der betrieblichen Gesundheitsf\u00f6rderung. Durch Yoga kann effektiv berufsbedingte Anspannung und krankmachender Stress abgebaut werden.<a class=\"more\" href=\"http:\/\/monika-keul-yoga.de\/?page_id=100\" title=\"Read More\"> [&#8230;] <\/a><\/p>\n","protected":false},"author":2,"featured_media":0,"parent":0,"menu_order":0,"comment_status":"closed","ping_status":"open","template":"","meta":{"footnotes":""},"class_list":["post-100","page","type-page","status-publish","hentry","post-container col-md-12"],"_links":{"self":[{"href":"http:\/\/monika-keul-yoga.de\/index.php?rest_route=\/wp\/v2\/pages\/100","targetHints":{"allow":["GET"]}}],"collection":[{"href":"http:\/\/monika-keul-yoga.de\/index.php?rest_route=\/wp\/v2\/pages"}],"about":[{"href":"http:\/\/monika-keul-yoga.de\/index.php?rest_route=\/wp\/v2\/types\/page"}],"author":[{"embeddable":true,"href":"http:\/\/monika-keul-yoga.de\/index.php?rest_route=\/wp\/v2\/users\/2"}],"replies":[{"embeddable":true,"href":"http:\/\/monika-keul-yoga.de\/index.php?rest_route=%2Fwp%2Fv2%2Fcomments&post=100"}],"version-history":[{"count":3,"href":"http:\/\/monika-keul-yoga.de\/index.php?rest_route=\/wp\/v2\/pages\/100\/revisions"}],"predecessor-version":[{"id":707,"href":"http:\/\/monika-keul-yoga.de\/index.php?rest_route=\/wp\/v2\/pages\/100\/revisions\/707"}],"wp:attachment":[{"href":"http:\/\/monika-keul-yoga.de\/index.php?rest_route=%2Fwp%2Fv2%2Fmedia&parent=100"}],"curies":[{"name":"wp","href":"https:\/\/api.w.org\/{rel}","templated":true}]}}