{"id":188,"date":"2015-12-08T22:06:57","date_gmt":"2015-12-08T21:06:57","guid":{"rendered":"http:\/\/monika-keul-yoga.de\/?page_id=188"},"modified":"2016-09-04T15:02:26","modified_gmt":"2016-09-04T14:02:26","slug":"feedback","status":"publish","type":"page","link":"http:\/\/monika-keul-yoga.de\/?page_id=188","title":{"rendered":"Feedback"},"content":{"rendered":"<p>&#8222;Endlich am Tisch bei meinem Kind sitzen bleiben zu k\u00f6nnen, obwohl das Telefon klingelt.\u00a0Achtsamkeit beim Jogging&#8211;&gt;\u00a0Konzentration auf den Bewegungsablauf.\u00a0Kurze Momente der Ruhe im Alltag&#8211;&gt; ich \u00fcbe :)&#8220;<\/p>\n<p>&#8211; Susanne<\/p>\n<p>&#8222;Der Wohlf\u00fchlfaktor aller \u00dcbungen und dem Umgang untereinander&#8220;<\/p>\n<p>&#8211; Uschi<\/p>\n<p>&#8222;Ich mag, das man hier keinen Leistungsdruck hat- das was ich mache- so wie ich es mache ist gut! \ud83d\ude42\u00a0Danke f\u00fcr deine angenehme &#8211; sanfte &#8211; wohltuende Art&#8220;<\/p>\n<p>&#8211; Alex<\/p>\n<p>&#8222;Es macht richtig Spa\u00df und ich kann mich sogar zuhause entspannen.&#8220;<\/p>\n<p>&#8211; Carla<\/p>\n<p>&#8222;Zeit f\u00fcr mich, Ruhe zu finden und abzuschalten.&#8220;<\/p>\n<p>&#8211; Beate<\/p>\n<p>&#8222;Die Atem- und Entspannungs\u00fcbungen haben mir geholfen, stressige Situationen im Beruf besser zu bew\u00e4ltigen&#8220;<\/p>\n<p>&#8211; Cornelia<\/p>\n<p>&#8222;Gute Anleitung der \u00dcbungen, sehr gute Entspannung, hilfreiche Tipps, welche \u00dcbung f\u00fcr was hilfeich ist.&#8220;<\/p>\n<p>&#8211; Verena<\/p>\n<p>&#8222;Es hat mir wirklich gut gefallen, ich hatte vorher noch keine Ahnung davon und konnte mir auch gar nichts darunter vorstellen. Aber ich habe gemerkt, dass diese eine Stunde einmal in der Woche mir sehr gut getan hat. Ich war viel entspannter \u00fcber mehrere Tage verteilt und einige \u00dcbungen konnte ich mit nach Hause nehmen und selber durchf\u00fchren! Danke f\u00fcr diese tolle Erfahrung!&#8220; \ud83d\ude42<\/p>\n<p>&#8211; Anna-Lena<\/p>\n<p>&#8222;Ich f\u00fchle mich wohl hier. Die \u00dcbungen tun mir gut und helfen mir beweglicher zu werden bzw zu bleiben.&#8220;<\/p>\n<p>&#8211; B\u00e4rbel<\/p>\n<p>&#8222;Ich finde den Yogakurs so wie er ist sehr gut. Diese \u00dcbungen sind f\u00fcr K\u00f6rper, Geist und Seele sehr gut. Komme gerne hierher.&#8220;<\/p>\n<p>&#8211; Angelika<\/p>\n<p>&#8222;Mir gef\u00e4llt sehr gut, diese genaue Ansage, langsame, sanfte Bewegungen, kleine Gruppe, Atmosph\u00e4re.&#8220;<\/p>\n<p>&#8211; Petra<\/p>\n<p>&#8222;Ich bin sehr \u00fcberrascht, wie gut ich mich auf Yoga und Entspannung einlassen konnte. Mir hat es sehr gut gefallen. Vielen Dank daf\u00fcr!&#8220;<\/p>\n<p>&#8211; Heike<\/p>\n<p>&#8222;Gute Infos \u00fcber Sinn und Zweck der \u00dcbungen. Sehr angenehme Stimme und Umgangsform. Hat mir Spa\u00df gemacht, \u00fcbe jetzt auch wieder zuhause. Gute Konzentration und Entspannung.&#8220;<\/p>\n<p>&#8211; Lia<\/p>\n<p>&#8222;Abwechslungsreiche \u00dcbungen. Sehr entspannend.&#8220;<\/p>\n<p>&#8211; Eva<\/p>\n<p>&#8222;Sehr sch\u00f6ner Raum, angenehme Stime, freundliche Atmosph\u00e4re, gute Erkl\u00e4rungen wof\u00fcr die \u00dcbungen sind.&#8220;<\/p>\n<p>&#8211; Kathrin<\/p>\n","protected":false},"excerpt":{"rendered":"<p>&#8222;Endlich am Tisch bei meinem Kind sitzen bleiben zu k\u00f6nnen, obwohl das Telefon klingelt.\u00a0Achtsamkeit beim Jogging&#8211;&gt;\u00a0Konzentration auf den Bewegungsablauf.\u00a0Kurze Momente der Ruhe im Alltag&#8211;&gt; ich \u00fcbe :)&#8220; &#8211; Susanne &#8222;Der Wohlf\u00fchlfaktor aller \u00dcbungen und dem Umgang untereinander&#8220; &#8211; Uschi &#8222;Ich mag, das man hier keinen Leistungsdruck hat- das was ich mache- so wie ich es<a class=\"more\" href=\"http:\/\/monika-keul-yoga.de\/?page_id=188\" title=\"Read More\"> [&#8230;] <\/a><\/p>\n","protected":false},"author":2,"featured_media":0,"parent":0,"menu_order":0,"comment_status":"closed","ping_status":"closed","template":"","meta":{"footnotes":""},"class_list":["post-188","page","type-page","status-publish","hentry","post-container col-md-12"],"_links":{"self":[{"href":"http:\/\/monika-keul-yoga.de\/index.php?rest_route=\/wp\/v2\/pages\/188","targetHints":{"allow":["GET"]}}],"collection":[{"href":"http:\/\/monika-keul-yoga.de\/index.php?rest_route=\/wp\/v2\/pages"}],"about":[{"href":"http:\/\/monika-keul-yoga.de\/index.php?rest_route=\/wp\/v2\/types\/page"}],"author":[{"embeddable":true,"href":"http:\/\/monika-keul-yoga.de\/index.php?rest_route=\/wp\/v2\/users\/2"}],"replies":[{"embeddable":true,"href":"http:\/\/monika-keul-yoga.de\/index.php?rest_route=%2Fwp%2Fv2%2Fcomments&post=188"}],"version-history":[{"count":6,"href":"http:\/\/monika-keul-yoga.de\/index.php?rest_route=\/wp\/v2\/pages\/188\/revisions"}],"predecessor-version":[{"id":216,"href":"http:\/\/monika-keul-yoga.de\/index.php?rest_route=\/wp\/v2\/pages\/188\/revisions\/216"}],"wp:attachment":[{"href":"http:\/\/monika-keul-yoga.de\/index.php?rest_route=%2Fwp%2Fv2%2Fmedia&parent=188"}],"curies":[{"name":"wp","href":"https:\/\/api.w.org\/{rel}","templated":true}]}}