{"id":37,"date":"2014-12-13T21:18:50","date_gmt":"2014-12-13T20:18:50","guid":{"rendered":"http:\/\/pixelfrosch.org\/yoga-keul\/?page_id=37"},"modified":"2014-12-13T21:18:50","modified_gmt":"2014-12-13T20:18:50","slug":"kinderyoga","status":"publish","type":"page","link":"http:\/\/monika-keul-yoga.de\/?page_id=37","title":{"rendered":"Kinderyoga"},"content":{"rendered":"<p><a href=\"http:\/\/monika-keul-yoga.de\/wp-content\/uploads\/2014\/12\/kids2.jpg\"><img loading=\"lazy\" decoding=\"async\" class=\"aligncenter wp-image-49 size-full\" src=\"http:\/\/monika-keul-yoga.de\/wp-content\/uploads\/2014\/12\/kids2.jpg\" alt=\"kids2\" width=\"500\" height=\"177\" \/><\/a><\/p>\n<p>Was ist Kinderyoga?<\/p>\n<p>Kinderyoga ist eine ganzheitliche Methode, um mit Kindern Entspannung zu \u00fcben. Am besten gelingt dies spielerisch.<\/p>\n<p>\u201eKomm wir spielen Yoga\u201c -so hei\u00dft mein Kinderyogakurs. Kinder spielen gerne, deswegen werden im Kinderyoga die \u00dcbungen spielerisch erlernt und dann in eine Geschichte eingebunden.<\/p>\n<p>Kinderyoga macht Spa\u00df, st\u00e4rkt das Selbstbewusstsein und verbessert die Konzentrationsf\u00e4higkeit.<\/p>\n<p>Spielerische Yoga\u00fcbungen bieten Kindern einen Ausgleich zur Unruhe ihres Alltags. Beim Yoga werden die Kinder durch das \u00dcben ruhiger und ausgeglichener. Dank von mir sorgsam ausgew\u00e4hlter und abgestimmter Yoga\u00fcbungen werden sie beweglicher, konzentrierter und gehen mit ihren Mitmenschen sozialer um. Die Kinder lernen, Alltagsbelastungen, Angst und Stress zu verarbeiten und k\u00f6nnen ihre Phantasie ausleben.<\/p>\n<p>Aufbau meiner Kinderyogastunde:<\/p>\n<ul>\n<li>Ritual zur Begr\u00fc\u00dfung<\/li>\n<li>Bewegungsspiel<\/li>\n<li>Atembeobachtungs\u00fcbung<\/li>\n<li>\u00dcbungen zur Verbesserung des K\u00f6rperbewusstseins<\/li>\n<li>Entspannungs\u00fcbung aus der Progressiven Muskelentspannung f\u00fcr Kinder<\/li>\n<li>Yogaspielgeschichte<\/li>\n<li>Entspannungs\u00fcbung<\/li>\n<li>Abschlussgespr\u00e4ch<\/li>\n<li>Abschlussritual<\/li>\n<\/ul>\n<p><a href=\"http:\/\/monika-keul-yoga.de\/wp-content\/uploads\/2014\/12\/kids1.jpg\"><img loading=\"lazy\" decoding=\"async\" class=\"aligncenter wp-image-48 size-full\" src=\"http:\/\/monika-keul-yoga.de\/wp-content\/uploads\/2014\/12\/kids1.jpg\" alt=\"kids1\" width=\"500\" height=\"175\" \/><\/a><\/p>\n","protected":false},"excerpt":{"rendered":"<p>Was ist Kinderyoga? Kinderyoga ist eine ganzheitliche Methode, um mit Kindern Entspannung zu \u00fcben. Am besten gelingt dies spielerisch. \u201eKomm wir spielen Yoga\u201c -so hei\u00dft mein Kinderyogakurs. Kinder spielen gerne, deswegen werden im Kinderyoga die \u00dcbungen spielerisch erlernt und dann in eine Geschichte eingebunden. Kinderyoga macht Spa\u00df, st\u00e4rkt das Selbstbewusstsein und verbessert die Konzentrationsf\u00e4higkeit. Spielerische<a class=\"more\" href=\"http:\/\/monika-keul-yoga.de\/?page_id=37\" title=\"Read More\"> [&#8230;] <\/a><\/p>\n","protected":false},"author":2,"featured_media":0,"parent":0,"menu_order":0,"comment_status":"closed","ping_status":"open","template":"","meta":{"footnotes":""},"class_list":["post-37","page","type-page","status-publish","hentry","post-container col-md-12"],"_links":{"self":[{"href":"http:\/\/monika-keul-yoga.de\/index.php?rest_route=\/wp\/v2\/pages\/37","targetHints":{"allow":["GET"]}}],"collection":[{"href":"http:\/\/monika-keul-yoga.de\/index.php?rest_route=\/wp\/v2\/pages"}],"about":[{"href":"http:\/\/monika-keul-yoga.de\/index.php?rest_route=\/wp\/v2\/types\/page"}],"author":[{"embeddable":true,"href":"http:\/\/monika-keul-yoga.de\/index.php?rest_route=\/wp\/v2\/users\/2"}],"replies":[{"embeddable":true,"href":"http:\/\/monika-keul-yoga.de\/index.php?rest_route=%2Fwp%2Fv2%2Fcomments&post=37"}],"version-history":[{"count":0,"href":"http:\/\/monika-keul-yoga.de\/index.php?rest_route=\/wp\/v2\/pages\/37\/revisions"}],"wp:attachment":[{"href":"http:\/\/monika-keul-yoga.de\/index.php?rest_route=%2Fwp%2Fv2%2Fmedia&parent=37"}],"curies":[{"name":"wp","href":"https:\/\/api.w.org\/{rel}","templated":true}]}}